{"id":8590,"date":"2023-03-07T07:32:28","date_gmt":"2023-03-07T07:32:28","guid":{"rendered":"https:\/\/purstyle.net\/?page_id=8590"},"modified":"2024-08-06T12:18:35","modified_gmt":"2024-08-06T12:18:35","slug":"buchung","status":"publish","type":"page","link":"https:\/\/purstyle.net\/de\/buchung\/","title":{"rendered":"Buchung"},"content":{"rendered":"\n<br><br><br><br><br>\n\n\n<p>F\u00fcr allgemeine Anfragen zu Paketen, Zeitpl\u00e4nen und Preisen f\u00fcllen Sie das Formular aus. Wenn Sie ein bevorzugtes Datum im Auge haben und bereits wissen, welchen Service Sie ausw\u00e4hlen sollen, gehen Sie bitte zur Kalenderoption und w\u00e4hlen Sie Ihr Datum aus.<\/p>\n\n<div class=\"wpcf7 no-js\" id=\"wpcf7-f8414-o1\" lang=\"en-US\" dir=\"ltr\" data-wpcf7-id=\"8414\">\n<div class=\"screen-reader-response\"><p role=\"status\" aria-live=\"polite\" aria-atomic=\"true\"><\/p> <ul><\/ul><\/div>\n<form action=\"\/de\/wp-json\/wp\/v2\/pages\/8590#wpcf7-f8414-o1\" method=\"post\" class=\"wpcf7-form init\" aria-label=\"Contact form\" novalidate=\"novalidate\" data-status=\"init\">\n<fieldset class=\"hidden-fields-container\"><input type=\"hidden\" name=\"_wpcf7\" value=\"8414\" \/><input type=\"hidden\" name=\"_wpcf7_version\" value=\"6.1.5\" \/><input type=\"hidden\" name=\"_wpcf7_locale\" value=\"en_US\" \/><input type=\"hidden\" name=\"_wpcf7_unit_tag\" value=\"wpcf7-f8414-o1\" \/><input type=\"hidden\" name=\"_wpcf7_container_post\" value=\"0\" \/><input type=\"hidden\" name=\"_wpcf7_posted_data_hash\" value=\"\" \/><input type=\"hidden\" name=\"_wpcf7_recaptcha_response\" value=\"\" \/>\n<\/fieldset>\n<section class=\"wpcf7-form article-body u-container -page\">\n\t<p><label> Dein Name:<br \/>\n<span class=\"wpcf7-form-control-wrap\" data-name=\"your-name\"><input size=\"40\" maxlength=\"400\" class=\"wpcf7-form-control wpcf7-text wpcf7-validates-as-required\" aria-required=\"true\" aria-invalid=\"false\" value=\"\" type=\"text\" name=\"your-name\" \/><\/span> <\/label>\n\t<\/p>\n\t<p><label> Deine E-mail:<br \/>\n<span class=\"wpcf7-form-control-wrap\" data-name=\"your-email\"><input size=\"40\" maxlength=\"400\" class=\"wpcf7-form-control wpcf7-email wpcf7-validates-as-required wpcf7-text wpcf7-validates-as-email\" aria-required=\"true\" aria-invalid=\"false\" value=\"\" type=\"email\" name=\"your-email\" \/><\/span> <\/label>\n\t<\/p>\n\t<p><label> Thema:<br \/>\n<span class=\"wpcf7-form-control-wrap\" data-name=\"your-subject\"><input size=\"40\" maxlength=\"400\" class=\"wpcf7-form-control wpcf7-text wpcf7-validates-as-required\" aria-required=\"true\" aria-invalid=\"false\" value=\"\" type=\"text\" name=\"your-subject\" \/><\/span> <\/label>\n\t<\/p>\n\t<p><label> Deine Nachricht:<br \/>\n<span class=\"wpcf7-form-control-wrap\" data-name=\"your-message\"><textarea cols=\"40\" rows=\"10\" maxlength=\"2000\" class=\"wpcf7-form-control wpcf7-textarea\" aria-invalid=\"false\" name=\"your-message\"><\/textarea><\/span> <\/label>\n\t<\/p>\n<span class=\"wpcf7-form-control-wrap recaptcha\" data-name=\"recaptcha\"><span data-sitekey=\"6Lfw9MgqAAAAADmO-Zj03kdlH1oOjYSwvzwuxcZ0\" class=\"wpcf7-form-control wpcf7-recaptcha g-recaptcha\"><\/span>\r\n<noscript>\r\n\t<div class=\"grecaptcha-noscript\">\r\n\t\t<iframe loading=\"lazy\" src=\"https:\/\/www.google.com\/recaptcha\/api\/fallback?k=6Lfw9MgqAAAAADmO-Zj03kdlH1oOjYSwvzwuxcZ0\" frameborder=\"0\" scrolling=\"no\" width=\"310\" height=\"430\">\r\n\t\t<\/iframe>\r\n\t\t<textarea name=\"g-recaptcha-response\" rows=\"3\" cols=\"40\" placeholder=\"reCaptcha Response Here\">\r\n\t\t<\/textarea>\r\n\t<\/div>\r\n<\/noscript>\r\n<\/span>\n\t<p><input class=\"wpcf7-form-control wpcf7-submit has-spinner btn -dark\" id=\"submit\" type=\"submit\" value=\"Send\" \/>\n\t<\/p>\n<\/section>\n<style>\n.wpcf7-form textarea.wpcf7-form-control.wpcf7-textarea {\n width: 100%;\n}\n.wpcf7-form input.wpcf7-form-control.wpcf7-text {\n width: 100%;\n}\n.wpcf7-form{\nfont-family: Futura;\nfont-size: 24px;\n}\n.wpcf7-submit {\n width: 100%;\n padding: 10px 20px !important;\n}\nlabel{\n font-family: \"raisonne-demibold\",Futura,\"Trebuchet MS\",Arial,sans-serif;\n font-size: 20px;\n}\n.wpcf7-form-control {\n border-radius: 18px;\n padding: 12px 15px;\n border-color: #303030;\n border-width: 1px;\n}\n.wpcf7-response-output {\n text-align: center;\n font-size: 18px;\n display: block;\n border-radius: 20px;\n overflow: auto;\n position: relative;\n}\n<\/style><div class=\"wpcf7-response-output\" aria-hidden=\"true\"><\/div>\n<\/form>\n<\/div>\n\n<p>oder<\/p>\n\n\n<script>\n  if (typeof hasAmeliaEntitiesApiCall === 'undefined' && ('' === '' && '' !== '1')) {\n    var hasAmeliaEntitiesApiCall = true;\n  }\n  var ameliaShortcodeData = (typeof ameliaShortcodeData === 'undefined') ? [] : ameliaShortcodeData;\n  ameliaShortcodeData.push(\n    {\n      'hasApiCall': (typeof hasAmeliaEntitiesApiCall !== 'undefined') && hasAmeliaEntitiesApiCall,\n      'trigger': '',\n      'trigger_type': '',\n      'triggered_form': 'sbsNew',\n      'in_dialog': '',\n      'show': '',\n      'counter': '1000',\n      'category': '',\n      'service': '',\n      'employee': '',\n      'location': '',\n      'package': '',\n      'layout': '',\n    }\n  );\n\n  var ameliaShortcodeDataTriggered = (typeof ameliaShortcodeDataTriggered === 'undefined') ? [] : ameliaShortcodeDataTriggered;\n  if (ameliaShortcodeData[ameliaShortcodeData.length - 1].trigger !== '') {\n    if (ameliaShortcodeDataTriggered.filter(a => a.counter === ameliaShortcodeData[ameliaShortcodeData.length - 1].counter).length === 0) {\n      ameliaShortcodeDataTriggered.push(ameliaShortcodeData.pop());\n    } else {\n      ameliaShortcodeData.pop()\n    }\n  }\n  if (typeof hasAmeliaEntitiesApiCall !== 'undefined' && hasAmeliaEntitiesApiCall) {\n    hasAmeliaEntitiesApiCall = false;\n  }\n<\/script>\n\n<div\n  id=\"amelia-v2-booking-1000\"\n  class=\"amelia-v2-booking\"\n >\n    <step-form-wrapper><\/step-form-wrapper><\/div>\n","protected":false},"excerpt":{"rendered":"<p>F\u00fcr allgemeine Anfragen zu Paketen, Zeitpl\u00e4nen und Preisen f\u00fcllen Sie das Formular aus. Wenn Sie ein bevorzugtes Datum im Auge haben und bereits wissen, welchen Service Sie ausw\u00e4hlen sollen, gehen Sie bitte zur Kalenderoption und w\u00e4hlen Sie Ihr Datum aus. oder<\/p>\n","protected":false},"author":5,"featured_media":0,"parent":0,"menu_order":0,"comment_status":"closed","ping_status":"closed","template":"purCustom.php","meta":{"_acf_changed":false,"footnotes":""},"class_list":["post-8590","page","type-page","status-publish","hentry"],"acf":[],"_links":{"self":[{"href":"https:\/\/purstyle.net\/de\/wp-json\/wp\/v2\/pages\/8590","targetHints":{"allow":["GET"]}}],"collection":[{"href":"https:\/\/purstyle.net\/de\/wp-json\/wp\/v2\/pages"}],"about":[{"href":"https:\/\/purstyle.net\/de\/wp-json\/wp\/v2\/types\/page"}],"author":[{"embeddable":true,"href":"https:\/\/purstyle.net\/de\/wp-json\/wp\/v2\/users\/5"}],"replies":[{"embeddable":true,"href":"https:\/\/purstyle.net\/de\/wp-json\/wp\/v2\/comments?post=8590"}],"version-history":[{"count":15,"href":"https:\/\/purstyle.net\/de\/wp-json\/wp\/v2\/pages\/8590\/revisions"}],"predecessor-version":[{"id":9481,"href":"https:\/\/purstyle.net\/de\/wp-json\/wp\/v2\/pages\/8590\/revisions\/9481"}],"wp:attachment":[{"href":"https:\/\/purstyle.net\/de\/wp-json\/wp\/v2\/media?parent=8590"}],"curies":[{"name":"wp","href":"https:\/\/api.w.org\/{rel}","templated":true}]}}