{"id":9043,"date":"2023-05-16T11:08:18","date_gmt":"2023-05-16T11:08:18","guid":{"rendered":"https:\/\/purstyle.net\/?page_id=9043"},"modified":"2023-05-18T14:46:38","modified_gmt":"2023-05-18T14:46:38","slug":"ueber-pur-style","status":"publish","type":"page","link":"https:\/\/purstyle.net\/de\/ueber-pur-style\/","title":{"rendered":"\u00dcber Pur Style"},"content":{"rendered":"<h1>&nbsp;<\/h1>\n<h1>&nbsp;<\/h1>\n<h1>&nbsp;<\/h1>\n<h3 style=\"text-align: center;\">Lerne Jasmin von Pur Style kennen<\/h3>\n<p><img decoding=\"async\" title=\"\" src=\"https:\/\/purstyle.net\/wp-content\/uploads\/2019\/11\/pur-style-personal-stylist-barcelona-personal-branding-photoshoot_juliamalinowska_4.png\" alt=\"\"><\/p>\n<p>&nbsp;<\/p>\n\n\n<div class=\"wp-block-columns is-layout-flex wp-container-core-columns-is-layout-9d6595d7 wp-block-columns-is-layout-flex\">\n<div class=\"wp-block-column is-layout-flow wp-block-column-is-layout-flow\" style=\"flex-basis:33.33%\">\n<p>Jasmin Teichtmeister<a href=\"mailto:hello@purstyle.net\"><br><\/a><i class=\"fas fa-envelope\"><\/i> <a href=\"mailto:hello@purstyle.net\">hello@purstyle.net<\/a><a href=\"tel:+34654015695\"><br><\/a><i class=\"fas fa-phone\"><\/i> <a href=\"tel:+34654015695\">+34 654 015 695<\/a><a href=\"https:\/\/www.instagram.com\/pur.style\/\"><br><\/a><i class=\"fab fa-instagram\"><\/i> <a href=\"https:\/\/www.instagram.com\/pur.style\/\">instagram\/pur.style<br><\/a><\/p>\n\n\n\n<div class=\"wp-block-buttons is-layout-flex wp-block-buttons-is-layout-flex\">\n<div class=\"wp-block-button has-custom-width wp-block-button__width-100 has-custom-font-size has-small-font-size\"><a class=\"wp-block-button__link has-white-color has-black-background-color has-text-color has-background wp-element-button\" href=\"https:\/\/purstyle.net\/de\/verabredungen\/\" style=\"border-radius:23px\"><i class=\"fas fa-bell\"><\/i> Einen Termin machen<\/a><\/div>\n\n\n\n<div class=\"wp-block-button has-custom-width wp-block-button__width-100 has-custom-font-size has-small-font-size\"><a class=\"wp-block-button__link has-white-color has-black-background-color has-text-color has-background wp-element-button\" href=\"https:\/\/purstyle.net\/de\/kontakt\/\" style=\"border-radius:23px\"><i class=\"fas fa-envelope\"><\/i> Eine nachricht schicken<\/a><\/div>\n<\/div>\n<\/div>\n\n\n\n<div class=\"wp-block-column is-layout-flow wp-block-column-is-layout-flow\" style=\"flex-basis:66.66%\">\n<h4>\u00dcber Pur Style by Jasmin<\/h4>\n<p>Pur Style bietet pers\u00f6nliche Stilberatung in Wien, Barcelona und online an. Pur Style wurde 2015 von Jasmin Teichtmeister gegr\u00fcndet. Ich bin zertifizierter Fashion Stylist des London College of Style und arbeite seit 2015 als pers\u00f6nliche Stilberaterin &amp; Fashion Stylist.<br \/>Nach meiner anf\u00e4nglichen Karriere bei Kreativ-Agenturen, habe ich meine Leidenschaft zum Beruf gemacht. Mit pers\u00f6nlichen Stilberatungen bei Pur Style helfe ich KundInnen, ihren pers\u00f6nlichen Stil zu finden. Vertrauensvoller Umgang mit Kunden, Mode Know-How und kreative Styling-Ideen, all dieses zeichnet eine professionelle Stilberatung aus.<br \/>Egal ob Du Mann, Frau oder Trans bist, gemeinsam finden wir die perfekten Outfits f\u00fcr Dich. Zusammen bringen wir Deinen Kleiderschrank auf Vordermann und definieren Deinen pers\u00f6nlichen Stil. Beim Personal Shopping kaufen wir nur Teile, die Du auch wirklich brauchst, denn Nachhaltigkeit steht bei Pur Style an erster Stelle.\u00a0<br \/>Du wohnst nicht in Wien oder Barcelona? Kein Problem, ich berate KundInnen weltweit via <a href=\"https:\/\/purstyle.net\/de\/personal-shopping\/online-shopping\/\" target=\"_blank\" rel=\"noopener\">online Stilberatung<\/a>. Meine Kunden kommen aus allen Ecken der Welt &#8211; Wien, Barcelona, Paris, Mexiko, New York, Tel Aviv oder sogar Japan.<br \/>Du w\u00fcnscht Dir eine Capsule Wardrobe? Dann ist Pur Style&#8217;s <a href=\"https:\/\/purstyle.net\/de\/personal-shopping\/kleiderschrank-organisation\/\" target=\"_blank\" rel=\"noopener\">Kleiderschrank Detox<\/a>\u00a0der ideale Start f\u00fcr einen minimal Lifestyle.Wir kreieren neue, inspirierende Outfits aus Deiner bestehenden Garderobe, die perfekt aufeinander abgestimmt sind.<br \/>Als Personal Stylist definiere ich Deinen\u00a0<a href=\"https:\/\/purstyle.net\/de\/personal-shopping\/figurtyp-styling-workshop\/\" target=\"_blank\" rel=\"noopener\">Figurtyp<\/a> sowie Farben, die Deinen Typ unterstreichen. So weisst Du in Zukunft genau, was zu Dir passt und kannst Deine Augen ganz ohne Makeup zum Strahlen bringen.<br \/><strong>Professionelle Fotoshootings<\/strong><br \/>Bei Pur Style bieten wir <a href=\"https:\/\/purstyle.net\/de\/fashion-styling\/\" target=\"_blank\" rel=\"noopener\"><strong>Fashion Styling<\/strong><\/a> f\u00fcr Fotoshootings, Kampagnenproduktion und Videodrehs an. Du willst Deine Marke in das rechte Licht r\u00fccken? Dann bist Du bei Pur Style genau richtig.\u00a0Egal ob Du UnternehmerIn bist oder in einer Agentur arbeitest, wir finden das richtige Branding Paket f\u00fcr Dich.<\/p>\n<\/div>\n<\/div>\n","protected":false},"excerpt":{"rendered":"<p>&nbsp; &nbsp; &nbsp; Lerne Jasmin von Pur Style kennen &nbsp; Jasmin Teichtmeister hello@purstyle.net +34 654 015 695 instagram\/pur.style \u00dcber Pur Style by Jasmin Pur Style bietet pers\u00f6nliche Stilberatung in Wien, Barcelona und online an. Pur Style wurde 2015 von Jasmin Teichtmeister gegr\u00fcndet. Ich bin zertifizierter Fashion Stylist des London College of Style und arbeite seit [&hellip;]<\/p>\n","protected":false},"author":5,"featured_media":0,"parent":0,"menu_order":0,"comment_status":"closed","ping_status":"closed","template":"purCustom.php","meta":{"_acf_changed":false,"footnotes":""},"class_list":["post-9043","page","type-page","status-publish","hentry"],"acf":[],"_links":{"self":[{"href":"https:\/\/purstyle.net\/de\/wp-json\/wp\/v2\/pages\/9043","targetHints":{"allow":["GET"]}}],"collection":[{"href":"https:\/\/purstyle.net\/de\/wp-json\/wp\/v2\/pages"}],"about":[{"href":"https:\/\/purstyle.net\/de\/wp-json\/wp\/v2\/types\/page"}],"author":[{"embeddable":true,"href":"https:\/\/purstyle.net\/de\/wp-json\/wp\/v2\/users\/5"}],"replies":[{"embeddable":true,"href":"https:\/\/purstyle.net\/de\/wp-json\/wp\/v2\/comments?post=9043"}],"version-history":[{"count":28,"href":"https:\/\/purstyle.net\/de\/wp-json\/wp\/v2\/pages\/9043\/revisions"}],"predecessor-version":[{"id":9360,"href":"https:\/\/purstyle.net\/de\/wp-json\/wp\/v2\/pages\/9043\/revisions\/9360"}],"wp:attachment":[{"href":"https:\/\/purstyle.net\/de\/wp-json\/wp\/v2\/media?parent=9043"}],"curies":[{"name":"wp","href":"https:\/\/api.w.org\/{rel}","templated":true}]}}